{"id":9,"date":"2016-04-03T16:49:41","date_gmt":"2016-04-03T15:49:41","guid":{"rendered":"http:\/\/melodica.fr\/?page_id=9"},"modified":"2019-06-06T09:01:57","modified_gmt":"2019-06-06T08:01:57","slug":"accueil","status":"publish","type":"page","link":"https:\/\/melodica.fr\/","title":{"rendered":"Accueil"},"content":{"rendered":"<p>Bienvenue sur le site de l&rsquo;\u00e9cole de musique M\u00e9lodica!<\/p>\n<p>D\u00e9couvrez les cours propos\u00e9s en parcourant les onglets, et contactez-nous pour tout renseignement.<\/p>\n<p>N&rsquo;h\u00e9sitez pas \u00e0 jeter un \u0153il \u00e0 l&rsquo;onglet <a href=\"http:\/\/melodica.fr\/index.php\/le-blog\/\">Blog<\/a>, les derni\u00e8res actualit\u00e9s y sont post\u00e9es.<\/p>\n<p>&nbsp;<\/p>\n<p>&nbsp;<\/p>\n","protected":false},"excerpt":{"rendered":"<p>Bienvenue sur le site de l&rsquo;\u00e9cole de musique M\u00e9lodica! D\u00e9couvrez les cours propos\u00e9s en parcourant les onglets, et contactez-nous pour tout renseignement. N&rsquo;h\u00e9sitez pas \u00e0 jeter un \u0153il \u00e0 l&rsquo;onglet Blog, les derni\u00e8res actualit\u00e9s y sont post\u00e9es. &nbsp; &nbsp;<\/p>\n","protected":false},"author":1,"featured_media":0,"parent":0,"menu_order":0,"comment_status":"closed","ping_status":"closed","template":"","meta":{"footnotes":""},"class_list":["post-9","page","type-page","status-publish","hentry"],"_links":{"self":[{"href":"https:\/\/melodica.fr\/index.php\/wp-json\/wp\/v2\/pages\/9","targetHints":{"allow":["GET"]}}],"collection":[{"href":"https:\/\/melodica.fr\/index.php\/wp-json\/wp\/v2\/pages"}],"about":[{"href":"https:\/\/melodica.fr\/index.php\/wp-json\/wp\/v2\/types\/page"}],"author":[{"embeddable":true,"href":"https:\/\/melodica.fr\/index.php\/wp-json\/wp\/v2\/users\/1"}],"replies":[{"embeddable":true,"href":"https:\/\/melodica.fr\/index.php\/wp-json\/wp\/v2\/comments?post=9"}],"version-history":[{"count":7,"href":"https:\/\/melodica.fr\/index.php\/wp-json\/wp\/v2\/pages\/9\/revisions"}],"predecessor-version":[{"id":294,"href":"https:\/\/melodica.fr\/index.php\/wp-json\/wp\/v2\/pages\/9\/revisions\/294"}],"wp:attachment":[{"href":"https:\/\/melodica.fr\/index.php\/wp-json\/wp\/v2\/media?parent=9"}],"curies":[{"name":"wp","href":"https:\/\/api.w.org\/{rel}","templated":true}]}}