{"id":88,"date":"2017-06-19T11:39:38","date_gmt":"2017-06-19T10:39:38","guid":{"rendered":"http:\/\/melodica.fr\/?page_id=88"},"modified":"2017-06-22T17:54:33","modified_gmt":"2017-06-22T16:54:33","slug":"renseignements","status":"publish","type":"page","link":"https:\/\/melodica.fr\/index.php\/renseignements\/","title":{"rendered":""},"content":{"rendered":"<div class=\"titre\">\n<p><span style=\"font-family: Philosopher;\"><span style=\"font-size: medium;\">Les portes ouvertes se d\u00e9roulent en septembre (voir <a href=\"http:\/\/melodica.fr\/index.php\/le-blog\/\">agenda<\/a>).<\/span><\/span><\/p>\n<p><span style=\"font-family: Philosopher;\"><span style=\"font-size: medium;\">Les cours d\u00e9butent chaque ann\u00e9e en octobre pour se terminer fin juin.<\/span><\/span><\/p>\n<p><span style=\"font-family: Philosopher;\"><span style=\"font-size: medium;\">Les cours sont individuels, d&rsquo;une dur\u00e9e de 30 minutes ou d&rsquo;une heure selon vos attentes (sauf exception).<\/span><\/span><\/p>\n<p><span style=\"font-family: Philosopher;\"><span style=\"font-size: medium;\"><b>Les \u00e9l\u00e8ves s&rsquo;inscrivent pour l&rsquo;ann\u00e9e. Les \u00e9l\u00e8ves peuvent s&rsquo;inscrire en cours d&rsquo;ann\u00e9e.<\/b><\/span><\/span><\/p>\n<p><span style=\"font-family: Philosopher;\"><span style=\"font-size: medium;\">Une photo et trois enveloppes timbr\u00e9es \u00e0 l&rsquo;adresse de l&rsquo;\u00e9l\u00e8ve sont demand\u00e9es ainsi que le r\u00e8glement int\u00e9gral des cours \u00e0 l&rsquo;inscription.<\/span><\/span><\/p>\n<\/div>\n","protected":false},"excerpt":{"rendered":"<p>Les portes ouvertes se d\u00e9roulent en septembre (voir agenda). Les cours d\u00e9butent chaque ann\u00e9e en octobre pour se terminer fin juin. Les cours sont individuels, d&rsquo;une dur\u00e9e de 30 minutes ou d&rsquo;une heure selon vos attentes (sauf exception). Les \u00e9l\u00e8ves s&rsquo;inscrivent pour l&rsquo;ann\u00e9e. Les \u00e9l\u00e8ves peuvent s&rsquo;inscrire en cours d&rsquo;ann\u00e9e. Une photo et trois enveloppes <a class=\"more-link\" href=\"https:\/\/melodica.fr\/index.php\/renseignements\/\">Lire la suite&#8230;<\/a><\/p>\n","protected":false},"author":1,"featured_media":0,"parent":0,"menu_order":0,"comment_status":"closed","ping_status":"closed","template":"","meta":{"footnotes":""},"class_list":["post-88","page","type-page","status-publish","hentry"],"_links":{"self":[{"href":"https:\/\/melodica.fr\/index.php\/wp-json\/wp\/v2\/pages\/88","targetHints":{"allow":["GET"]}}],"collection":[{"href":"https:\/\/melodica.fr\/index.php\/wp-json\/wp\/v2\/pages"}],"about":[{"href":"https:\/\/melodica.fr\/index.php\/wp-json\/wp\/v2\/types\/page"}],"author":[{"embeddable":true,"href":"https:\/\/melodica.fr\/index.php\/wp-json\/wp\/v2\/users\/1"}],"replies":[{"embeddable":true,"href":"https:\/\/melodica.fr\/index.php\/wp-json\/wp\/v2\/comments?post=88"}],"version-history":[{"count":8,"href":"https:\/\/melodica.fr\/index.php\/wp-json\/wp\/v2\/pages\/88\/revisions"}],"predecessor-version":[{"id":218,"href":"https:\/\/melodica.fr\/index.php\/wp-json\/wp\/v2\/pages\/88\/revisions\/218"}],"wp:attachment":[{"href":"https:\/\/melodica.fr\/index.php\/wp-json\/wp\/v2\/media?parent=88"}],"curies":[{"name":"wp","href":"https:\/\/api.w.org\/{rel}","templated":true}]}}