{"id":71,"date":"2017-06-18T21:48:10","date_gmt":"2017-06-18T20:48:10","guid":{"rendered":"http:\/\/melodica.fr\/?page_id=71"},"modified":"2017-07-03T09:38:15","modified_gmt":"2017-07-03T08:38:15","slug":"formations","status":"publish","type":"page","link":"https:\/\/melodica.fr\/index.php\/formations\/","title":{"rendered":"Formations"},"content":{"rendered":"<div class=\"titre\">M\u00e9lodica fournit plusieurs types de formation musicale :<\/div>\n<h1><\/h1>\n<div>\u00a0 \u00a0 \u00a0 \u00a0<strong>Nouveaut\u00e9 2016 &#8211; A partir de 2ans<\/strong><\/div>\n<div>Deux sessions d&rsquo;\u00e9veil des tous-petits, selon le nombre de participants: 2-3 ans et 4-5 ans<br \/>\nPrendre <a href=\"http:\/\/melodica.fr\/index.php\/contact\/\">contact<\/a> pour plus de renseignements.<\/div>\n<div><\/div>\n<div><\/div>\n<div><\/div>\n<div class=\"titre\" style=\"padding-left: 30px;\"><strong>\u00c9veil musical &#8211; 4ans et +<\/strong><\/div>\n<div><\/div>\n<div class=\"corps\">Ce cours s&rsquo;adresse aux plus jeunes d&rsquo;entre nous. La musique est un art dont l&rsquo;apprentissage se fait par une impr\u00e9gnation du monde sonore. L&rsquo;apprentissage est progressif.<br \/>\nLe travail sur le rythme d\u00e9veloppe la motricit\u00e9.<br \/>\nLe travail sur l&rsquo;\u00e9coute de soi, du groupe, d\u00e9veloppe la socialisation, et tout ceci dans une ambiance ludique.<\/div>\n<h1><\/h1>\n<div><\/div>\n<div class=\"titre\" style=\"padding-left: 30px;\"><strong>Formation musicale -enfants et adultes<\/strong><\/div>\n<div class=\"corps\">Le mot solf\u00e8ge d\u00e9signe une m\u00e9thode faite d&rsquo;exercices devant \u00eatre lus ou chant\u00e9s en articulant le nom des notes. C&rsquo;est ainsi depuis le Moyen \u00c2ge, que l&rsquo;apprentissage de la lecture musicale est d\u00e9nomm\u00e9 <em>solf\u00e8ge<\/em> &#8211; provenant du mot italien <em>solfeggio<\/em>, lui-m\u00eame d\u00e9riv\u00e9 des noms de notes <em>sol<\/em> et <em>fa<\/em> -.Cet enseignement doit permettre d&rsquo;\u00e9clairer la lecture, l&rsquo;\u00e9criture, l&rsquo;analyse, et la r\u00e9alisation des partitions.M\u00eame si sa pratique n&rsquo;est pas obligatoire au sein de M\u00e9lodica, elle est n\u00e9anmoins fortement conseill\u00e9e pour les personnes qui d\u00e9butent l&rsquo;enseignement d&rsquo;un instrument.<\/div>\n<p><center><\/center><\/p>\n<div class=\"titre\" style=\"padding-left: 30px;\"><strong>Culture musicale &#8211; enfants et adultes<\/strong><\/div>\n<div><\/div>\n<div class=\"corps\">Enseignement ouvert aux personnes ayant d\u00e9j\u00e0 des notions de solf\u00e8ge.<br \/>\nAnalyse d&rsquo;oeuvre et histoire de la musique.<br \/>\nVotre professeur vous apportera les \u00e9l\u00e9ments n\u00e9cessaires \u00e0 la compr\u00e9hension d&rsquo;une oeuvre ( analyse de partition, audition, explication du contexte dans lequel s&rsquo;est cr\u00e9\u00e9e l&rsquo;oeuvre, les courants musicaux ).<\/div>\n","protected":false},"excerpt":{"rendered":"<p>M\u00e9lodica fournit plusieurs types de formation musicale : \u00a0 \u00a0 \u00a0 \u00a0Nouveaut\u00e9 2016 &#8211; A partir de 2ans Deux sessions d&rsquo;\u00e9veil des tous-petits, selon le nombre de participants: 2-3 ans et 4-5 ans Prendre contact pour plus de renseignements. \u00c9veil musical &#8211; 4ans et + Ce cours s&rsquo;adresse aux plus jeunes d&rsquo;entre nous. La musique <a class=\"more-link\" href=\"https:\/\/melodica.fr\/index.php\/formations\/\">Lire la suite&#8230;<\/a><\/p>\n","protected":false},"author":1,"featured_media":0,"parent":0,"menu_order":0,"comment_status":"closed","ping_status":"closed","template":"","meta":{"footnotes":""},"class_list":["post-71","page","type-page","status-publish","hentry"],"_links":{"self":[{"href":"https:\/\/melodica.fr\/index.php\/wp-json\/wp\/v2\/pages\/71","targetHints":{"allow":["GET"]}}],"collection":[{"href":"https:\/\/melodica.fr\/index.php\/wp-json\/wp\/v2\/pages"}],"about":[{"href":"https:\/\/melodica.fr\/index.php\/wp-json\/wp\/v2\/types\/page"}],"author":[{"embeddable":true,"href":"https:\/\/melodica.fr\/index.php\/wp-json\/wp\/v2\/users\/1"}],"replies":[{"embeddable":true,"href":"https:\/\/melodica.fr\/index.php\/wp-json\/wp\/v2\/comments?post=71"}],"version-history":[{"count":9,"href":"https:\/\/melodica.fr\/index.php\/wp-json\/wp\/v2\/pages\/71\/revisions"}],"predecessor-version":[{"id":246,"href":"https:\/\/melodica.fr\/index.php\/wp-json\/wp\/v2\/pages\/71\/revisions\/246"}],"wp:attachment":[{"href":"https:\/\/melodica.fr\/index.php\/wp-json\/wp\/v2\/media?parent=71"}],"curies":[{"name":"wp","href":"https:\/\/api.w.org\/{rel}","templated":true}]}}